{"id":8275,"date":"2024-05-10T04:27:40","date_gmt":"2024-05-10T04:27:40","guid":{"rendered":"https:\/\/internationalprideawards.org\/?page_id=8275"},"modified":"2026-03-17T08:14:31","modified_gmt":"2026-03-17T01:14:31","slug":"who-we-are","status":"publish","type":"page","link":"https:\/\/internationalprideawards.org\/es\/who-we-are\/","title":{"rendered":"Qui\u00e9nes somos"},"content":{"rendered":"<h1>\n\t\t\t\tQui\u00e9nes somos\n\t\t\t<\/h1>\n\t<p>Los Premios Internacionales del Orgullo son una iniciativa conjunta del Programa de las Naciones Unidas para el Desarrollo (PNUD) e ILGA World.<\/p>\n<p>A trav\u00e9s de un proceso de premios, los Premios Internacionales del Orgullo pretenden honrar los esfuerzos de las personas heroicas por la igualdad LGBTIQ+ de todo el mundo que realizan una labor extraordinaria mejorando la vida de las personas LGBTIQ+ y defendiendo sus derechos.<\/p>\n<p>By celebrating and sharing their stories, our aim is to motivate more people to advocate for LGBTIQ+ equality &#8211; whether through individual actions or on a larger scale.<\/p>\n<p>Lea m\u00e1s <a href=\"https:\/\/internationalprideawards.org\/es\/about\/\"><u>aqu\u00ed<\/u><\/a> sobre las nominaciones, las categor\u00edas y el proceso de los premios.<\/p>\n<p>Los derechos humanos no son negociables y todos los Estados deben garantizar los derechos de todas las personas, independientemente de su historia, cultura o normas sociales.<\/p>\n\t<p>&#8220;Each assault on LGBTQI+ people is an assault on human rights and the values we hold dear. We cannot and will not move backwards.&#8221;<\/p>\n\t\t\t\t<img decoding=\"async\" src=\"https:\/\/internationalprideawards.org\/wp-content\/uploads\/bb-plugin-2\/cache\/Antonio-SG-9-200-300-official-2016-1-circle.jpg\" alt=\"Portrait SG\" title=\"Portrait SG\" itemprop=\"image\"\/>\n\t\t\t<h3>Ant\u00f3nio guterres<\/h3>\t\t\t\n\t\t\t\t<p>SECRETARIO GENERAL DE LA ONU<\/p>\n\t<p>Una colaboraci\u00f3n entre<\/p>\n\t\t\t\t<a href=\"https:\/\/www.undp.org\/es\" target=\"_self\" itemprop=\"url\">\n\t\t\t\t<img loading=\"lazy\" decoding=\"async\" src=\"https:\/\/internationalprideawards.org\/wp-content\/uploads\/2024\/05\/undp-sp-color.png\" alt=\"Undp\" itemprop=\"image\" height=\"500\" width=\"251\" title=\"undp\" onerror=\"this.style.display='none'\"  \/>\n\t\t\t\t<\/a>\n\t<p>El PNUD es la principal agencia de las Naciones Unidas que lucha contra la injusticia de la pobreza, las desigualdades y el cambio clim\u00e1tico. Trabajando con una amplia red de expertos y socios en 170 pa\u00edses, el PNUD ayuda a las naciones a desarrollar soluciones integradas y sostenibles por las personas y el planeta. Para obtener m\u00e1s informaci\u00f3n, visita\u00a0<u><a href=\"http:\/\/undp.org\/\" target=\"_blank\" rel=\"noopener\">undp.org\/es<\/a><\/u>\u00a0o s\u00edguenos en las redes sociales v\u00eda @pnud.<\/p>\n<p>Los derechos humanos son fundamentales en el apoyo del PNUD al trabajo para alcanzar los Objetivos de Desarrollo Sostenible y el compromiso de no dejar a nadie atr\u00e1s. El PNUD trabaja con comunidades, aliades y otros entidades socias para abordar las leyes, pol\u00edticas y pr\u00e1cticas punitivas y discriminatorias que impiden el acceso a la atenci\u00f3n y los servicios a las personas LGBTIQ+, as\u00ed como a otras poblaciones clave y marginadas.<\/p>\n\t\t\t\t<a href=\"https:\/\/ilga.org\/\" target=\"_self\" itemprop=\"url\">\n\t\t\t\t<img loading=\"lazy\" decoding=\"async\" src=\"https:\/\/internationalprideawards.org\/wp-content\/uploads\/2024\/05\/ilga.gif\" alt=\"Ilga\" itemprop=\"image\" height=\"200\" width=\"164\" title=\"ilga\" onerror=\"this.style.display='none'\"  \/>\n\t\t\t\t<\/a>\n\t<p><u><a href=\"https:\/\/ilga.org\/\" target=\"_blank\" rel=\"noopener\">ILGA<\/a><\/u><u><a href=\"https:\/\/ilga.org\/\"> Mundo<\/a><\/u> &#8211; the International Lesbian, Gay, Bisexual, Trans and Intersex Association &#8211; is a worldwide federation of more than 2,300 organizations from over 170 countries and territories campaigning for the human rights of people with diverse sexual orientations, gender identities and expressions, and sex characteristics.<\/p>","protected":false},"excerpt":{"rendered":"<p>Who we are The International Pride Awards is a joint initiative by the United Nations Development Programme (UNDP) and ILGA World. Through an awards process, the International Pride Awards seeks to honour the efforts of LGBTIQ+ equality heroes from all over the world who are doing remarkable work improving the lives of LGBTIQ+ people and&hellip;<\/p>","protected":false},"author":1,"featured_media":0,"parent":0,"menu_order":0,"comment_status":"closed","ping_status":"closed","template":"","meta":{"slim_seo":{"title":"Who we are - International Pride Awards","description":"Who we are The International Pride Awards is a joint initiative by the United Nations Development Programme (UNDP) and ILGA World. Through an awards process, th"},"footnotes":""},"class_list":["post-8275","page","type-page","status-publish","hentry"],"_links":{"self":[{"href":"https:\/\/internationalprideawards.org\/es\/wp-json\/wp\/v2\/pages\/8275","targetHints":{"allow":["GET"]}}],"collection":[{"href":"https:\/\/internationalprideawards.org\/es\/wp-json\/wp\/v2\/pages"}],"about":[{"href":"https:\/\/internationalprideawards.org\/es\/wp-json\/wp\/v2\/types\/page"}],"author":[{"embeddable":true,"href":"https:\/\/internationalprideawards.org\/es\/wp-json\/wp\/v2\/users\/1"}],"replies":[{"embeddable":true,"href":"https:\/\/internationalprideawards.org\/es\/wp-json\/wp\/v2\/comments?post=8275"}],"version-history":[{"count":4,"href":"https:\/\/internationalprideawards.org\/es\/wp-json\/wp\/v2\/pages\/8275\/revisions"}],"predecessor-version":[{"id":9733,"href":"https:\/\/internationalprideawards.org\/es\/wp-json\/wp\/v2\/pages\/8275\/revisions\/9733"}],"wp:attachment":[{"href":"https:\/\/internationalprideawards.org\/es\/wp-json\/wp\/v2\/media?parent=8275"}],"curies":[{"name":"wp","href":"https:\/\/api.w.org\/{rel}","templated":true}]}}