{"id":8290,"date":"2024-05-10T07:04:31","date_gmt":"2024-05-10T07:04:31","guid":{"rendered":"https:\/\/internationalprideawards.org\/?page_id=8290"},"modified":"2026-04-18T09:46:23","modified_gmt":"2026-04-18T02:46:23","slug":"nominations","status":"publish","type":"page","link":"https:\/\/internationalprideawards.org\/es\/nominations\/","title":{"rendered":"Nominaciones"},"content":{"rendered":"<h1>\n\t\t\t\tNominaciones\n\t\t\t<\/h1>\n\t<p>Las nominaciones a los Premios Internacionales del Orgullo 2026 ya ha finalizado.<\/p>\n<p>A continuaci\u00f3n, puede encontrar informaci\u00f3n sobre el proceso de nominaci\u00f3n.<\/p>\n\t\t\t\t\t\t\t\t\t\t<h4 tabindex=\"0\">\u00bfQUI\u00c9N PUEDE NOMINAR?<\/h4>\n\t\t\t\t\t<p>Cualquier persona que haya sido testigo, conozca o se haya beneficiado de las actividades en favor de la igualdad LGBTIQ+ de la persona u organizaci\u00f3n a la que pretende nominar para un Premio Internacional del Orgullo.\u00a0\u00a0<\/p>\n\t\t\t\t\t\t\t\t\t\t<h4 tabindex=\"0\">\u00bfQUI\u00c9N PUEDE SER NOMINADE PARA UN PREMIO?<\/h4>\n\t\t\t\t\t<ul>\n<li>Las personas que hacen el cambio y les aliades que participan en actividades de igualdad LGBTIQ+ voluntarias o remuneradas pueden ser nominades <strong>en cualquier categor\u00eda<\/strong>.<\/li>\n<li>Las organizaciones que trabajan para y con las personas LGBTIQ+ s\u00f3lo pueden ser nominadas en la categor\u00eda <strong>Construcci\u00f3n del movimiento frente a la hostilidad<\/strong> categor\u00eda.<\/li>\n<\/ul>\n\t\t\t\t\t\t\t\t\t\t<h4 tabindex=\"0\">CATEGOR\u00cdAS DE PREMIOS<\/h4>\n\t\t\t\t\t<p><strong>Construcci\u00f3n del movimiento frente a la hostilidad<\/strong><br \/>Movilizarse por el cambio e influir positivamente en las vidas de las personas LGBTIQ+, a pesar de un entorno hostil y arriesgado. (persona u organizaci\u00f3n)<\/p>\n<p><strong>Celebrando vidas diversas<\/strong><br \/>Defendiendo la protecci\u00f3n, la libertad y la igualdad de las personas trans, de g\u00e9nero diverso e intersex. (persona)<\/p>\n<p><strong>L\u00edder emergente<\/strong><br \/>Reimaginando la liberaci\u00f3n LGBTIQ+ para una nueva generaci\u00f3n. (persona)<\/p>\n<p><strong>Una vida dedicada a la igualdad<\/strong><br \/>Influencia pionera, duradera y de gran alcance en el progreso de la igualdad. (persona)<\/p>\n<p><strong>Aliade extraordinarie<\/strong><br \/>Celebrando a les amigues de nuestras comunidades que mejoran con pasi\u00f3n la libertad de les dem\u00e1s. (persona)<\/p>\n<p>When the Awards Committee assesses nominations, they will evaluate the impact and scale of the equality work of the person or organization nominated, as relevant to the description of the specific award category. They will also consider the general context of the activities, and be looking for prevention of harm, inclusion, innovation, societal influence, scalability of the work and that the following criteria are met:<\/p>\n\t\t\t\t\t\t\t\t\t\t<h4 tabindex=\"0\">Criterios generales de nominaci\u00f3n<\/h4>\n\t\t\t\t\t<ul>\n<li>Las actividades de la persona nominada deben haber tenido <em>un impacto positivo<\/em> en personas de diversa orientaci\u00f3n sexual, identidad de g\u00e9nero, expresi\u00f3n de g\u00e9nero y caracter\u00edsticas sexuales.<\/li>\n<li>Para la categor\u00eda <strong>Celebrando vidas diversas<\/strong> las actividades de la persona nominada deben haber tenido un impacto positivo en la vida de las personas trans, de g\u00e9nero diverso o intersex.<\/li>\n<li><em>Un impacto positivo<\/em> can mean saving lives; reducing harm; providing support and creating safe spaces; changing attitudes, laws and regulations; creation or enhancement of protections; reducing inequalities (including financial, work, housing, in education, etc); reducing health care inequalities (mental and physical); improving visibility and freedom\/equality of expression; creating equal rights to a family life for LGBTIQ+ people. (<em>list not exhaustive<\/em>)<\/li>\n<li>Las actividades relevantes de la persona candidata deben haber tenido un impacto positivo antes del 17 de marzo de 2026.<\/li>\n<li>LGBTIQ+ equality activities do not have to be the sole focus of the nominee&#8217;s work.<\/li>\n<li>Las actividades relevantes de la persona candidata deben ser verificables.<\/li>\n<li>The person making a nomination must provide two independent referees, who consent to act as referees, and who may be contacted for further verification of the nominee&#8217;s activities. At least one referee should be prepared to give a reference from an organization (for example a donor, institution, organizational partner or body).<\/li>\n<li>Por lo que sepa la persona que realiza la nominaci\u00f3n, la persona candidata no debe tener antecedentes de haber causado da\u00f1o (mental o f\u00edsico) a otras personas (ya sea de forma criminal o de otro tipo), y sus acciones no deben ir en contra de los valores y el esp\u00edritu de los Premios Internacionales del Orgullo.<\/li>\n<\/ul>\n<h4>\n\t\tTENGA TAMBI\u00c9N EN CUENTA:\n\t<\/h4>\n\t<ul>\n<li>No es necesario nominar a una persona o a una organizaci\u00f3n m\u00e1s de una vez.  El n\u00famero de nominaciones no es un factor para tener en cuenta cuando el Comit\u00e9 considere a les galardonades.<\/li>\n<li>Las personas no pueden nominarse a s\u00ed mismas y no pueden ser nominadas por un colega, familiar o pareja.<\/li>\n<li>Las organizaciones no pueden ser nominadas por una persona empleada o voluntaria de esa organizaci\u00f3n, ni por una persona contratista que les suministre.<\/li>\n<li>Las siguientes personas no pueden ser nominadas:\n<ul>\n<li>Personas empleadas actuales, voluntaries, asesores o contratistas que trabajen para cualquier agencia de la ONU.<\/li>\n<li>Current employees, Board members, volunteers or contractors working for any of the &#8220;regional ILGAs&#8221;, or ILGA World.<\/li>\n<li>Miembres actuales del equipo, voluntarios o contratistas que trabajen en el propio proyecto de los Premios Internacionales del Orgullo.<\/li>\n<\/ul>\n<\/li>\n<li>Las siguientes organizaciones no pueden ser nominadas:\n<ul>\n<li>La ONU o cualquiera de sus agencias.<\/li>\n<li>The &#8220;regional ILGAs&#8221;, or ILGA World.<\/li>\n<\/ul>\n<\/li>\n<\/ul>\n\t<p>Gracias por su inter\u00e9s en los Premios Internacionales del Orgullo. Esperamos poder contar con su apoyo a la hora de reconocer a las personas heroicas por la igualdad LGBTIQ+, y esperamos recibir su nominaci\u00f3n.<\/p>","protected":false},"excerpt":{"rendered":"<p>Nominations Nominations for the 2026 International Pride Awards are now closed. Below you can find information on the nominations process. Who can nominate? Anyone who has witnessed, is aware of, or has benefited from, the LGBTIQ+ equality activities of the person or organization they intend to nominate for an International Pride Award.\u00a0\u00a0 Who can be&hellip;<\/p>","protected":false},"author":1,"featured_media":0,"parent":0,"menu_order":0,"comment_status":"closed","ping_status":"closed","template":"","meta":{"slim_seo":{"title":"Nominations - International Pride Awards","description":"Nominations Nominations for the 2026 International Pride Awards are now closed. Below you can find information on the nominations process. Who can nominate? Any"},"footnotes":""},"class_list":["post-8290","page","type-page","status-publish","hentry"],"_links":{"self":[{"href":"https:\/\/internationalprideawards.org\/es\/wp-json\/wp\/v2\/pages\/8290","targetHints":{"allow":["GET"]}}],"collection":[{"href":"https:\/\/internationalprideawards.org\/es\/wp-json\/wp\/v2\/pages"}],"about":[{"href":"https:\/\/internationalprideawards.org\/es\/wp-json\/wp\/v2\/types\/page"}],"author":[{"embeddable":true,"href":"https:\/\/internationalprideawards.org\/es\/wp-json\/wp\/v2\/users\/1"}],"replies":[{"embeddable":true,"href":"https:\/\/internationalprideawards.org\/es\/wp-json\/wp\/v2\/comments?post=8290"}],"version-history":[{"count":8,"href":"https:\/\/internationalprideawards.org\/es\/wp-json\/wp\/v2\/pages\/8290\/revisions"}],"predecessor-version":[{"id":10013,"href":"https:\/\/internationalprideawards.org\/es\/wp-json\/wp\/v2\/pages\/8290\/revisions\/10013"}],"wp:attachment":[{"href":"https:\/\/internationalprideawards.org\/es\/wp-json\/wp\/v2\/media?parent=8290"}],"curies":[{"name":"wp","href":"https:\/\/api.w.org\/{rel}","templated":true}]}}