{"id":8534,"date":"2024-05-17T11:20:13","date_gmt":"2024-05-17T04:20:13","guid":{"rendered":"https:\/\/internationalprideawards.org\/?page_id=8534"},"modified":"2026-02-27T09:57:02","modified_gmt":"2026-02-27T02:57:02","slug":"privacy-policy","status":"publish","type":"page","link":"https:\/\/internationalprideawards.org\/es\/privacy-policy\/","title":{"rendered":"Pol\u00edtica de privacidad"},"content":{"rendered":"<h1>\n\t\t\t\tPol\u00edtica de privacidad\n\t\t\t<\/h1>\n\t<p>Esta pol\u00edtica de privacidad establece el modo en que los Premios Internacionales del Orgullo utiliza y protege la informaci\u00f3n que usted facilita cuando utiliza este sitio web. Nos comprometemos a garantizar la protecci\u00f3n de su privacidad.<\/p>\n<h3>\n\t\tQui\u00e9nes somos\n\t<\/h3>\n\t<p>Este sitio web es proporcionado por los Premios Internacionales del Orgullo.<\/p>\n<p>Nos tomamos muy en serio su privacidad como usuarie de los sitio web de los Premios Internacionales del Orgullo y cualquier informaci\u00f3n que recopilemos de usted. Este documento establece nuestra pol\u00edtica de privacidad en relaci\u00f3n con usted y sus datos personales.<\/p>\n<h3>\n\t\t\u00bfC\u00f3mo recopilamos la informaci\u00f3n y para qu\u00e9?\n\t<\/h3>\n\t<p>Recopilamos cierta informaci\u00f3n cuando usted visita nuestro sitio web y se inscribe para recibir boletines informativos, se registra para nominar, env\u00eda una consulta o nos proporciona informaci\u00f3n personal de cualquier otro modo.<\/p>\n<h3>\n\t\t\u00bfQu\u00e9 informaci\u00f3n recopilamos?\n\t<\/h3>\n\t<p>Los datos que podemos recopilar incluyen su direcci\u00f3n IP, informaci\u00f3n sobre su ubicaci\u00f3n, nombre y direcci\u00f3n de correo electr\u00f3nico. <a href=\"https:\/\/internationalprideawards.org\/es\/terms-and-conditions\/\">Se recopila informaci\u00f3n adicional a medida que presenta candidaturas<\/a>.<\/p>\n<p>Los sitios web de los Premios Internacionales del Orgullo utilizan Google Analytics para recopilar datos sobre el uso de nuestros sitios web. Esta informaci\u00f3n es an\u00f3nima: el comportamiento en l\u00ednea no puede rastrearse hasta las personas. <a href=\"https:\/\/policies.google.com\/privacy?hl=es\" target=\"_blank\" rel=\"noopener\">Follow this link for further information about Google&#8217;s privacy policy<\/a>.<\/p>\n<p>En el caso de les usuaries que se registran en nuestro sitio web (si los hay), tambi\u00e9n almacenamos la informaci\u00f3n personal que proporcionan en su perfil de usuario. Todes les usuaries pueden ver, editar o borrar su informaci\u00f3n personal en cualquier momento. Les administradores del sitio web tambi\u00e9n pueden ver y editar esa informaci\u00f3n.<\/p>\n<p>Para enviarle nuestro bolet\u00edn de noticias y actualizaciones, procesamos su nombre y direcci\u00f3n de correo electr\u00f3nico. Utilizamos Mailchimp para procesar las suscripciones. <a href=\"https:\/\/mailchimp.com\/about\/security\/\" target=\"_blank\" rel=\"noopener\">Follow this link to see Mailchimp&#8217;s data security and privacy policy<\/a>.<\/p>\n<p>Cuando rellena el formulario de contacto, procesamos su nombre, correo electr\u00f3nico y su mensaje. Utilizamos estos datos personales para responder a su consulta y estar en contacto con usted.<\/p>\n<h3>\n\t\t\u00bfQu\u00e9 hacemos con la informaci\u00f3n que recopilamos?\n\t<\/h3>\n\t<p>Los Premios Internacionales del Orgullo utilizan la informaci\u00f3n que recogemos sobre usted para ayudarnos a entender c\u00f3mo se utiliza nuestra p\u00e1gina web, para enviarle comunicaciones sobre noticias y eventos de los Premios Internacionales del Orgullo, u otra informaci\u00f3n que pensamos que puede resultarle interesante.<\/p>\n<p>No almacenamos sus datos personales m\u00e1s tiempo del estrictamente necesario para lograr los fines para los que se recogen sus datos.<\/p>\n<h3>\n\t\tSus derechos\n\t<\/h3>\n\t<p>No compartiremos su informaci\u00f3n con terceros sin su consentimiento. Puede solicitar acceder a su informaci\u00f3n o excluirse de las comunicaciones en cualquier momento poni\u00e9ndose en contacto con <a href=\"mailto:international.pride.awards@undp.org\">international.pride.awards@undp.org<\/a>.<\/p>\n<p>Tiene derecho a consultar y corregir sus datos personales en todo momento. Tambi\u00e9n puede solicitar que borremos cualquier dato personal que tengamos sobre usted. Esto no incluye ning\u00fan dato que estemos obligades a conservar por motivos administrativos, legales o de seguridad.<\/p>\n<p>Tambi\u00e9n tiene derecho a retirar su consentimiento para que los Premios Internacionales del Orgulloprocese sus datos, o a oponerse a los procesos de datos que se llevan a cabo en los Premios Internacionales del Orgullo. Puede enviar una solicitud de acceso, rectificaci\u00f3n, supresi\u00f3n, transferencia de sus datos personales o una solicitud de cancelaci\u00f3n de su consentimiento, as\u00ed como cualquier objeci\u00f3n al tratamiento de sus datos personales a <a href=\"mailto:international.pride.awards@undp.org\">international.pride.awards@undp.org<\/a>.<\/p>\n<h3>\n\t\tExclusi\u00f3n voluntaria de nuestros boletines y otros correos\n\t<\/h3>\n\t<p>Todos nuestros boletines digitales cuentan con un enlace mediante el cual las personas destinatarias pueden darse de baja de la lista de correo electr\u00f3nico. Si tiene dificultades para cancelar su suscripci\u00f3n, env\u00ede un correo electr\u00f3nico a <a href=\"mailto:international.pride.awards@undp.org\">international.pride.awards@undp.org<\/a>.<\/p>\n<h3>\n\t\tSeguridad\n\t<\/h3>\n\t<p>Nos comprometemos a garantizar la seguridad de su informaci\u00f3n. Para evitar el acceso no autorizado, la divulgaci\u00f3n no deseada o la modificaci\u00f3n no autorizada, hemos establecido procedimientos f\u00edsicos, electr\u00f3nicos y de gesti\u00f3n adecuados para salvaguardar y asegurar la informaci\u00f3n que recopilamos en l\u00ednea.<\/p>\n<p>Si tiene la impresi\u00f3n de que sus datos no est\u00e1n seguros o de que hay indicios de abuso, p\u00f3ngase en contacto con nosotros a trav\u00e9s de <a href=\"mailto:international.pride.awards@undp.org\">international.pride.awards@undp.org<\/a>.<\/p>\n<h3>\n\t\t\u00bfPreguntas?\n\t<\/h3>\n\t<p>P\u00f3ngase en contacto con nosotres en <a href=\"mailto:international.pride.awards@undp.org\">international.pride.awards@undp.org<\/a>.<\/p>\n<p>El documento fue actualizado por \u00faltima vez el: 23 Mayo 2024<\/p>","protected":false},"excerpt":{"rendered":"<p>Privacy Policy This privacy policy sets out how the International Pride Awards uses and protects any information you give when you use this website. We commit to ensuring that your privacy is protected. Who we are This website is provided by the International Pride Awards. We take seriously the privacy of you as a user&hellip;<\/p>","protected":false},"author":1,"featured_media":0,"parent":0,"menu_order":0,"comment_status":"closed","ping_status":"closed","template":"","meta":{"slim_seo":{"title":"Privacy Policy - International Pride Awards","description":"Privacy Policy This privacy policy sets out how the International Pride Awards uses and protects any information you give when you use this website. We commit t"},"footnotes":""},"class_list":["post-8534","page","type-page","status-publish","hentry"],"_links":{"self":[{"href":"https:\/\/internationalprideawards.org\/es\/wp-json\/wp\/v2\/pages\/8534","targetHints":{"allow":["GET"]}}],"collection":[{"href":"https:\/\/internationalprideawards.org\/es\/wp-json\/wp\/v2\/pages"}],"about":[{"href":"https:\/\/internationalprideawards.org\/es\/wp-json\/wp\/v2\/types\/page"}],"author":[{"embeddable":true,"href":"https:\/\/internationalprideawards.org\/es\/wp-json\/wp\/v2\/users\/1"}],"replies":[{"embeddable":true,"href":"https:\/\/internationalprideawards.org\/es\/wp-json\/wp\/v2\/comments?post=8534"}],"version-history":[{"count":1,"href":"https:\/\/internationalprideawards.org\/es\/wp-json\/wp\/v2\/pages\/8534\/revisions"}],"predecessor-version":[{"id":9679,"href":"https:\/\/internationalprideawards.org\/es\/wp-json\/wp\/v2\/pages\/8534\/revisions\/9679"}],"wp:attachment":[{"href":"https:\/\/internationalprideawards.org\/es\/wp-json\/wp\/v2\/media?parent=8534"}],"curies":[{"name":"wp","href":"https:\/\/api.w.org\/{rel}","templated":true}]}}