{"id":8650,"date":"2024-05-24T14:21:08","date_gmt":"2024-05-24T07:21:08","guid":{"rendered":"https:\/\/internationalprideawards.org\/?page_id=8650"},"modified":"2026-03-10T10:35:56","modified_gmt":"2026-03-10T03:35:56","slug":"terms-and-conditions","status":"publish","type":"page","link":"https:\/\/internationalprideawards.org\/es\/terms-and-conditions\/","title":{"rendered":"T\u00e9rminos y condiciones"},"content":{"rendered":"<h1>\n\t\t\t\tT\u00e9rminos y condiciones\n\t\t\t<\/h1>\n<h4>\n\t\tNominaciones\n\t<\/h4>\n\t<ol>\n<li>La persona u organizaci\u00f3n nominada debe cumplir los criterios de nominaci\u00f3n publicados, tal y como se indica en la p\u00e1gina de Nominaciones del sitio web.<\/li>\n<li>La persona que realiza la nominaci\u00f3n (le nominadore) debe cumplir los criterios de le nominadore, tal y como se describen en la p\u00e1gina de Nominaciones del sitio web.<\/li>\n<li>La nominaci\u00f3n cumple los Criterios Generales de Nominaci\u00f3n, tal y como se describen en la p\u00e1gina de Nominaciones del sitio web.<\/li>\n<li>Le nominadore garantiza que la informaci\u00f3n que proporciona es exacta a su leal saber y entender.<\/li>\n<li>Le nominadore debe seleccionar la categor\u00eda de premio m\u00e1s apropiada para la persona u organizaci\u00f3n nominada: sin embargo, el Comit\u00e9 de los Premios y el equipo de los Premios Internacionales del Orgullo se reservan el derecho de cambiar a una persona nominada otra categor\u00eda si lo consideran m\u00e1s apropiado.<\/li>\n<li>Une nominadore puede hacer m\u00e1s de una nominaci\u00f3n para diferentes personas u organizaciones y debe rellenar un formulario en l\u00ednea distinto para cada una. <strong>No es necesario nominar a la misma persona u organizaci\u00f3n m\u00e1s de una vez.<\/strong><\/li>\n<li>El equipo de los Premios Internacionales del Orgullo tratar\u00e1 de verificar la informaci\u00f3n presentada sobre las personas y organizaciones nominadas.<\/li>\n<li>Le nominadore se compromete a cooperar con el equipo de los Premios Internacionales del Orgullo para verificar la nominaci\u00f3n y proporcionar la informaci\u00f3n adicional que sea necesaria.<\/li>\n<\/ol>\n<h4>\n\t\tSeguridad y protecci\u00f3n\n\t<\/h4>\n\t<ol start=\"9\">\n<li>El Comit\u00e9 de Premios y los Premios Internacionales del Orgullo no revelar\u00e1n p\u00fablicamente los nombres de las personas y organizaciones nominadas ni otra informaci\u00f3n sobre las nominaciones individuales.<\/li>\n<li>Awardees&#8217; names will be made public only with the express consent of the recipient.<\/li>\n<li>We take the safety and security of nominees and awardees very seriously. The nominator should\u00a0indicate\u00a0in their submission if they believe\u00a0there\u00a0may be a risk to the nominee&#8217;s safety if their identity were to be revealed publicly as a nominee or as an awardee. There are procedures in place to protect the identity of nominees once information is entered into the nomination form on the website. We will work with all International Pride Awards awardees on their safety and security; if an awardee is or feels at risk, we will work with them to\u00a0establish\u00a0the best way of protecting their identity.<\/li>\n<\/ol>\n<h4>\n\t\tProceso\n\t<\/h4>\n\t<ol start=\"12\">\n<li>The Awards Committee will base their decisions on the evaluation criteria described on the International Pride Awards website, using information provided by the nominee as well as other information from the International Pride Awards team&#8217;s research and other sources.<\/li>\n<li>Las personas y organizaciones premiadas ser\u00e1n seleccionadas en funci\u00f3n de los criterios de evaluaci\u00f3n, no del n\u00famero de nominaciones que reciban.<\/li>\n<li>Las personas y organizaciones premiadas ser\u00e1n anunciadas el 5 de agosto de 2026 en un evento que forma parte del WorldPride en \u00c1msterdam, Pa\u00edses Bajos.<\/li>\n<li>La decisi\u00f3n del Comit\u00e9 de los Premios es inapelable, y no habr\u00e1 correspondencia individual sobre dichas decisiones.<\/li>\n<li>Los galardonados de pa\u00edses de ingresos bajos y medios (tal y como se definen <a href=\"https:\/\/www.oecd.org\/content\/dam\/oecd\/en\/topics\/policy-sub-issues\/oda-eligibility-and-conditions\/DAC-List-of-ODA-Recipients-for-reporting-2025-flows.pdf\">aqu\u00ed<\/a>) will be eligible for a US$10,000 bursary, via an affiliated organization if an individual awardee, for the purpose of sustaining and expanding their equality work &#8211; subject to ILGA World diligence process and reporting requirements.<\/li>\n<\/ol>\n<h4>\n\t\tGeneral\n\t<\/h4>\n\t<ol start=\"17\">\n<li>Al presentar una nominaci\u00f3n, la persona que presenta la nominaci\u00f3n acepta estos T\u00e9rminos y Condiciones.<\/li>\n<li>El PNUD e ILGA Mundo se reservan el derecho a modificar los T\u00e9rminos y Condiciones de nominaci\u00f3n y los criterios de los Premios Internacionales del Orgullo, y en caso de actualizaci\u00f3n, ella se publicar\u00e1 en el sitio web de los Premios Internacionales del Orgullo.<\/li>\n<li>Los datos recogidos en el proceso de presentaci\u00f3n de una nominaci\u00f3n se utilizar\u00e1n \u00fanicamente para el proceso de los premios, y para ning\u00fan otro fin.<\/li>\n<li>El sitio web de los Premios Internacionales del Orgullo est\u00e1 alojado en servidores ubicados dentro de la Uni\u00f3n Europea. Los datos personales recopilados a trav\u00e9s del proceso de nominaci\u00f3n y adjudicaci\u00f3n de premios se tratar\u00e1n de conformidad con las leyes de protecci\u00f3n de datos aplicables, incluido el Reglamento General de Protecci\u00f3n de Datos de la UE (Reglamento (UE) 2016\/679).<\/li>\n<\/ol>","protected":false},"excerpt":{"rendered":"<p>Terms and conditions Nominations The person or organization being nominated (the nominee) must meet the published criteria, as outlined on the Nominations page of the website. The person making the nomination (the nominator) must meet the criteria, as outlined on the Nominations page of the website. The nomination must meet the General Nomination Criteria as&hellip;<\/p>","protected":false},"author":1,"featured_media":0,"parent":0,"menu_order":0,"comment_status":"closed","ping_status":"closed","template":"","meta":{"slim_seo":{"title":"Terms and conditions - International Pride Awards","description":"Terms and conditions Nominations The person or organization being nominated (the nominee) must meet the published criteria, as outlined on the Nominations page"},"footnotes":""},"class_list":["post-8650","page","type-page","status-publish","hentry"],"_links":{"self":[{"href":"https:\/\/internationalprideawards.org\/es\/wp-json\/wp\/v2\/pages\/8650","targetHints":{"allow":["GET"]}}],"collection":[{"href":"https:\/\/internationalprideawards.org\/es\/wp-json\/wp\/v2\/pages"}],"about":[{"href":"https:\/\/internationalprideawards.org\/es\/wp-json\/wp\/v2\/types\/page"}],"author":[{"embeddable":true,"href":"https:\/\/internationalprideawards.org\/es\/wp-json\/wp\/v2\/users\/1"}],"replies":[{"embeddable":true,"href":"https:\/\/internationalprideawards.org\/es\/wp-json\/wp\/v2\/comments?post=8650"}],"version-history":[{"count":2,"href":"https:\/\/internationalprideawards.org\/es\/wp-json\/wp\/v2\/pages\/8650\/revisions"}],"predecessor-version":[{"id":9707,"href":"https:\/\/internationalprideawards.org\/es\/wp-json\/wp\/v2\/pages\/8650\/revisions\/9707"}],"wp:attachment":[{"href":"https:\/\/internationalprideawards.org\/es\/wp-json\/wp\/v2\/media?parent=8650"}],"curies":[{"name":"wp","href":"https:\/\/api.w.org\/{rel}","templated":true}]}}