{"id":8839,"date":"2024-11-13T11:36:37","date_gmt":"2024-11-13T04:36:37","guid":{"rendered":"https:\/\/internationalprideawards.org\/?page_id=8839"},"modified":"2024-11-13T11:34:14","modified_gmt":"2024-11-13T04:34:14","slug":"translate-cui","status":"publish","type":"page","link":"https:\/\/internationalprideawards.org\/es\/translate-cui\/","title":{"rendered":"z fix custom translate for non-logged-in page"},"content":{"rendered":"<p>&nbsp;<\/p>\n<p>&#8212; Login page &#8212;<\/p>\nPor favor, inicie una sesi\u00f3n para crear o editar una nominaci\u00f3n para los<br \/>\nPremios Internacionales del Orgullo.\n<p>&#8212; Register page &#8212;<\/p>\nCrear un perfil para la nominaci\u00f3n\n<p>Nombre de usuario<\/p>\n<p>Correo electr\u00f3nico<\/p>\n<p>Contrase\u00f1a<\/p>\n<p>Vuelva a escribir la contrase\u00f1a<\/p>\n<p>Nombre<\/p>\n<p>Nombre de familia<\/p>\n<p>N\u00famero de tel\u00e9fono<\/p>\n<p>Direcci\u00f3n<\/p>\n<p>Acepto los <a href=\"https:\/\/internationalprideawards.org\/es\/terms-and-conditions\/\" target=\"_blank\" rel=\"noopener\"> t\u00e9rminos y condiciones\u00a0<\/a><\/p>\n<p>Acepto la <a href=\"https:\/\/internationalprideawards.org\/es\/privacy-policy\/\" target=\"_blank\" rel=\"noopener\"> Pol\u00edtica de privacidad\u00a0<\/a><\/p>\n<p>Para poder realizar nominaciones, deber\u00e1 simplemente crear un perfil. Esto es para que podamos verificar su direcci\u00f3n de correo electr\u00f3nico y ayundaros a evitar el spam.<\/p>\n<p>Rellene el siguiente formulario. A continuaci\u00f3n recibir\u00e1 un correo electr\u00f3nico para confirmar su direcci\u00f3n de correo electr\u00f3nico. Una vez verificada su direcci\u00f3n de correo electr\u00f3nico, vuelva a entrar para presentar una nominaci\u00f3n a los Premios Internacionales del Orgullo.<\/p>\n<p>Si lo desea, puede guardar la informaci\u00f3n en el formulario de nominaci\u00f3n y volver m\u00e1s tarde para editarla y luego enviar la nominaci\u00f3n. Una vez que haya completado y enviado una nominaci\u00f3n, podr\u00e1 realizar otra nominaci\u00f3n.<\/p>\n<p>Indique sus datos de contacto, ya que es posible que necesitemos ponernos en contacto con usted para obtener m\u00e1s informaci\u00f3n sobre la persona u organizaci\u00f3n a la que nomina.<\/p>\n<p>En breve recibir\u00e1 un correo electr\u00f3nico para verificar su direcci\u00f3n. Si no ve el correo electr\u00f3nico en su bandeja de entrada en unos minutos, compruebe la carpeta de correo no deseado.<\/p>\n<p>&#8212; Forgot password &#8212;<\/p>\n<p>\u00bfOlvidaste la contrase\u00f1a?<\/p>\n<p>Correo electr\u00f3nico<\/p>\n<p>Someter<\/p>","protected":false},"excerpt":{"rendered":"<p>&nbsp; &#8212; Login page &#8212; Please log in to create or edit a nomination for the International Pride Awards. &#8212; Register page &#8212; Create a nomination account Username Email Password Confirm Password First Name Last Name Telephone number Address I accept the Terms &amp; Conditions\u00a0 I agree to the Privacy Policy\u00a0 In order to make&hellip;<\/p>","protected":false},"author":1,"featured_media":0,"parent":0,"menu_order":0,"comment_status":"closed","ping_status":"closed","template":"","meta":{"slim_seo":{"title":"z fix custom translate for non-logged-in page - International Pride Awards","description":"&nbsp; --- Login page --- Please log in to create or edit a nomination for the International Pride Awards. --- Register page --- Create a nomination account Use"},"footnotes":""},"class_list":["post-8839","page","type-page","status-publish","hentry"],"_links":{"self":[{"href":"https:\/\/internationalprideawards.org\/es\/wp-json\/wp\/v2\/pages\/8839","targetHints":{"allow":["GET"]}}],"collection":[{"href":"https:\/\/internationalprideawards.org\/es\/wp-json\/wp\/v2\/pages"}],"about":[{"href":"https:\/\/internationalprideawards.org\/es\/wp-json\/wp\/v2\/types\/page"}],"author":[{"embeddable":true,"href":"https:\/\/internationalprideawards.org\/es\/wp-json\/wp\/v2\/users\/1"}],"replies":[{"embeddable":true,"href":"https:\/\/internationalprideawards.org\/es\/wp-json\/wp\/v2\/comments?post=8839"}],"version-history":[{"count":1,"href":"https:\/\/internationalprideawards.org\/es\/wp-json\/wp\/v2\/pages\/8839\/revisions"}],"predecessor-version":[{"id":9582,"href":"https:\/\/internationalprideawards.org\/es\/wp-json\/wp\/v2\/pages\/8839\/revisions\/9582"}],"wp:attachment":[{"href":"https:\/\/internationalprideawards.org\/es\/wp-json\/wp\/v2\/media?parent=8839"}],"curies":[{"name":"wp","href":"https:\/\/api.w.org\/{rel}","templated":true}]}}