{"id":9486,"date":"2024-11-14T01:40:48","date_gmt":"2024-11-13T18:40:48","guid":{"rendered":"https:\/\/internationalprideawards.org\/?page_id=9486"},"modified":"2024-11-13T20:55:23","modified_gmt":"2024-11-13T13:55:23","slug":"lifelong-pursuit-of-equality","status":"publish","type":"page","link":"https:\/\/internationalprideawards.org\/es\/lifelong-pursuit-of-equality\/","title":{"rendered":"Una vida dedicada a la igualdad"},"content":{"rendered":"<h2>\n\t\t\t\tLas personas galardonadas de 2024\n\t\t\t<\/h2>\n\t<h1>\n\t\t\t\tUna vida dedicada a la igualdad\n\t\t\t<\/h1>\n\t\t\t\t<img loading=\"lazy\" decoding=\"async\" src=\"https:\/\/internationalprideawards.org\/wp-content\/uploads\/2024\/11\/sonia.jpg\" alt=\"sonia\" itemprop=\"image\" height=\"760\" width=\"520\" title=\"sonia\" onerror=\"this.style.display='none'\"  \/>\n<h2>\n\t\tSONIA CORR\u00caA\n\t<\/h2>\n\t<p>Involucrada en la investigaci\u00f3n y la incidencia sobre la igualdad de g\u00e9nero, la salud y la sexualidad desde hace 50 a\u00f1os, copresidi\u00f3 el comit\u00e9 de redacci\u00f3n de los Principios de Yogyakarta, una gu\u00eda pionera e influyente de la aplicaci\u00f3n de la legislaci\u00f3n internacional sobre los derechos humanos en relaci\u00f3n con la orientaci\u00f3n sexual y la identidad de g\u00e9nero. Desde 2002, trabaja en la Associa\u00e7\u00e3o Brasileira Interdisciplinar de AIDS (Asociaci\u00f3n Brasile\u00f1a Interdisciplinaria para el Sida), donde copreside el programa de vigilancia de las pol\u00edticas de sexualidad.<\/p>\n\t\t\t<a href=\"https:\/\/youtu.be\/ImNQQ6o90G0\" target=\"_blank\" role=\"button\" rel=\"noopener\">\n\t\t\t\t\t\tHaga clic para ver el v\u00eddeo en espa\u00f1ol.\n\t\t\t\t\t<\/a>\n\t<iframe loading=\"lazy\" width=\"560\" height=\"315\" src=\"https:\/\/www.youtube.com\/embed\/jlRv3sZGVn4?si=Jf1rfB1FoL-aqAKa\" title=\"YouTube video player\" frameborder=\"0\" allow=\"accelerometer; autoplay; clipboard-write; encrypted-media; gyroscope; picture-in-picture; web-share\" referrerpolicy=\"strict-origin-when-cross-origin\" allowfullscreen><\/iframe>\n\t<h3>\n\t\t\t\tLas personas galardonadas de 2024\n\t\t\t<\/h3>\n\t<p>Sorry, we couldn&#8217;t find any posts. Please try a different search.<\/p>","protected":false},"excerpt":{"rendered":"<p>2024 AWARDEES Lifelong pursuit of equality SONIA CORR\u00caA Involved in research and advocacy on gender equality, health and sexuality for 50 years, she co-chaired the drafting committee of the Yogyakarta Principles, an influential and pioneering overview of the application of international human rights law in relation to sexual orientation and gender identity. Since 2002, she&hellip;<\/p>","protected":false},"author":1,"featured_media":9561,"parent":0,"menu_order":4,"comment_status":"closed","ping_status":"closed","template":"","meta":{"slim_seo":{"title":"Lifelong pursuit of equality - International Pride Awards","description":"2024 AWARDEES Lifelong pursuit of equality SONIA CORR\u00caA Involved in research and advocacy on gender equality, health and sexuality for 50 years, she co-chaired"},"footnotes":""},"class_list":["post-9486","page","type-page","status-publish","has-post-thumbnail","hentry"],"_links":{"self":[{"href":"https:\/\/internationalprideawards.org\/es\/wp-json\/wp\/v2\/pages\/9486","targetHints":{"allow":["GET"]}}],"collection":[{"href":"https:\/\/internationalprideawards.org\/es\/wp-json\/wp\/v2\/pages"}],"about":[{"href":"https:\/\/internationalprideawards.org\/es\/wp-json\/wp\/v2\/types\/page"}],"author":[{"embeddable":true,"href":"https:\/\/internationalprideawards.org\/es\/wp-json\/wp\/v2\/users\/1"}],"replies":[{"embeddable":true,"href":"https:\/\/internationalprideawards.org\/es\/wp-json\/wp\/v2\/comments?post=9486"}],"version-history":[{"count":7,"href":"https:\/\/internationalprideawards.org\/es\/wp-json\/wp\/v2\/pages\/9486\/revisions"}],"predecessor-version":[{"id":9586,"href":"https:\/\/internationalprideawards.org\/es\/wp-json\/wp\/v2\/pages\/9486\/revisions\/9586"}],"wp:featuredmedia":[{"embeddable":true,"href":"https:\/\/internationalprideawards.org\/es\/wp-json\/wp\/v2\/media\/9561"}],"wp:attachment":[{"href":"https:\/\/internationalprideawards.org\/es\/wp-json\/wp\/v2\/media?parent=9486"}],"curies":[{"name":"wp","href":"https:\/\/api.w.org\/{rel}","templated":true}]}}