{"id":9708,"date":"2026-03-11T09:57:33","date_gmt":"2026-03-11T02:57:33","guid":{"rendered":"https:\/\/internationalprideawards.org\/?page_id=9708"},"modified":"2026-03-31T15:07:54","modified_gmt":"2026-03-31T08:07:54","slug":"home-2026-phase-2","status":"publish","type":"page","link":"https:\/\/internationalprideawards.org\/es\/","title":{"rendered":"Premios Internacionales del Orgullo"},"content":{"rendered":"<h1>Premios Internacionales del Orgullo<\/h1>\r\n<p>Back for 2026 &#8211; recognizing LGBTIQ+<br \/>heroicas por la igualdad LGBTIQ+ e inspiramos a actuar <a role=\"button\" href=\"https:\/\/internationalprideawards.org\/es\/nominations\/\" target=\"_self\"> Nomina a alguien hoy <\/a><\/p>\r\n<p>Todos los pa\u00edses est\u00e1n <a href=\"https:\/\/www.ohchr.org\/es\/sexual-orientation-and-gender-identity\/about-lgbti-people-and-human-rights\">obligados a promover y proteger los derechos humanos de todas las personas<\/a> sin discriminaci\u00f3n.<\/p>\r\n<p>Yet hundreds of millions of lesbian, gay, bisexual, transgender, intersex and queer (LGBTIQ+) people still face discrimination, rejection, poverty, violence, prison, torture and even death &#8211; just for being who they are.<\/p>\r\n<h2>Los premios internacionales del orgullo pretenden arrojar luz sobre el trabajo de las personas heroicas, valientes y visionarias para la igualdad, contar sus historias e inspirar a m\u00e1s personas para que defiendan la igualdad.<\/h2>\r\n<p>Las categor\u00edas de los premios son:<\/p>\r\n<h3>Construcci\u00f3n del movimiento frente a la hostilidad<\/h3>\r\n<p>Movilizarse por el cambio e influir positivamente en las vidas de las personas LGBTIQ+, a pesar de un entorno hostil y arriesgado. (persona u organizaci\u00f3n)<\/p>\r\n<h3>Celebrando vidas diversas<\/h3>\r\n<p>Defendiendo la protecci\u00f3n, la libertad y la igualdad de las personas trans, de g\u00e9nero diverso e intersex. (persona)<\/p>\r\n<h3>L\u00edder emergente<\/h3>\r\n<p>Reimaginando la liberaci\u00f3n LGBTIQ+ para una nueva generaci\u00f3n. (persona)<\/p>\r\n<h3>Una vida dedicada a la igualdad<\/h3>\r\n<p>Influencia pionera, duradera y de gran alcance en el progreso de la igualdad. (persona)<\/p>\r\n<h3>Aliade extraordinarie<\/h3>\r\n<p>Celebrando a les amigues de nuestras comunidades que mejoran con pasi\u00f3n la libertad de les dem\u00e1s. (persona)<\/p>\r\n<p><a href=\"https:\/\/www.youtube.com\/watch?v=jaIt-sIN8wU\" target=\"_blank\" rel=\"noopener\">Haga clic para ver el v\u00eddeo en espa\u00f1ol.<\/a><\/p>\r\n<p><img decoding=\"async\" src=\"https:\/\/internationalprideawards.org\/wp-content\/uploads\/2024\/05\/video-cover.jpg\" alt=\"Video cover\" \/><\/p>\r\n<p>En una ceremonia durante el WorldPride en \u00c1msterdam, Pa\u00edses Bajos, el 5 de agosto de 2026, reconoceremos la incre\u00edble labor de cinco personas heroicas y su trabajo por la igualdad LGBTIQ+ de todo el mundo que est\u00e1n marcando la diferencia.<\/p>\r\n<p>Las personas beneficiarias de pa\u00edses de ingresos bajos y medios recibir\u00e1n subvenciones de US$10.000 para apoyar su trabajo. M\u00e1s informaci\u00f3n <a href=\"https:\/\/internationalprideawards.org\/es\/terms-and-conditions\/\">aqu\u00ed<\/a>.<\/p>\r\n<h1>\u00a1participe!<\/h1>\r\n<h3><a href=\"https:\/\/internationalprideawards.org\/es\/nominations\/\">LAS NOMINACIONES<\/a> ARE NOW OPEN &#8211; SUBMIT BY 17 April 2026.<\/h3>\r\n<p>\u00bfA qui\u00e9n nominar\u00e1 como su persona heroocade de la igualdad LGBTIQ+?\u00a0<\/p>\r\n<p><a href=\"https:\/\/internationalprideawards.org\/es\/about\/\">M\u00e1s informaci\u00f3n sobre las categor\u00edas de los premios y su funcionamiento<\/a><\/p>\r\n<h3>EQUALITY IS EVERYONE&#8217;S RESPONSIBILITY.<\/h3>\r\n<p>Comienza con las acciones cotidianas, siendo inclusives, escuchando, compartiendo, defendiendo. P\u00f3ngase en contacto con su <a href=\"https:\/\/ilga.org\/es\/lo-que-somos\/organizaciones-miembros\/\">organizaci\u00f3n local miembro de ILGA Mundo<\/a> y descubra c\u00f3mo puede ayudar.<\/p>\r\n<p><img decoding=\"async\" title=\"ARG Ariel Gutraich Presentes 3\" src=\"https:\/\/internationalprideawards.org\/wp-content\/uploads\/2024\/05\/ARG-Ariel-Gutraich-Presentes-3.jpg\" alt=\"ARG Ariel Gutraich Presentes\" \/> <img decoding=\"async\" title=\"Cheerful gay couple posing at outdoor.\" src=\"https:\/\/internationalprideawards.org\/wp-content\/uploads\/2024\/05\/l-2.jpg\" alt=\"Photo 1\" \/><\/p>\r\n<h3>Suscr\u00edbase para estar al d\u00eda<\/h3>\r\n<!-- Inline Block Space Fix \r\n\t\t\t\t--><!-- Inline Block Space Fix\r\n\t\t\t\t-->\r\n<p><input name=\"uabb-subscribe-form-email\" type=\"email\" placeholder=\"Your Email\" aria-label=\"email\" \/> !<\/p>\r\n<!-- Inline Block Space Fix\t\r\n\t\t\t\t--><!-- Inline Block Space Fix\t\r\n\t\t\t\t-->\r\n<p><a role=\"button\" href=\"#\" target=\"_self\" aria-label=\"Subscribir\"> Subscribir <\/a> Something went wrong. Please check your entries and try again.<\/p>","protected":false},"excerpt":{"rendered":"<p>INTERNATIONAL PRIDE AWARDS Back for 2026 &#8211; recognizing LGBTIQ+equality heroes and inspiring action Nominate someone today All countries are obligated to promote and protect the human rights of all persons without discrimination. Yet hundreds of millions of lesbian, gay, bisexual, transgender, intersex and queer (LGBTIQ+) people still face discrimination, rejection, poverty, violence, prison, torture and&hellip;<\/p>","protected":false},"author":1,"featured_media":9736,"parent":0,"menu_order":0,"comment_status":"closed","ping_status":"closed","template":"","meta":{"slim_seo":{"title":"INTERNATIONAL PRIDE AWARDS","description":"All countries are obligated to promote and protect the human rights of all persons without discrimination.","facebook_image":"https:\/\/internationalprideawards.org\/wp-content\/uploads\/2026\/03\/cover-b.png","twitter_image":"https:\/\/internationalprideawards.org\/wp-content\/uploads\/2026\/03\/cover-b.png"},"footnotes":""},"class_list":["post-9708","page","type-page","status-publish","has-post-thumbnail","hentry"],"_links":{"self":[{"href":"https:\/\/internationalprideawards.org\/es\/wp-json\/wp\/v2\/pages\/9708","targetHints":{"allow":["GET"]}}],"collection":[{"href":"https:\/\/internationalprideawards.org\/es\/wp-json\/wp\/v2\/pages"}],"about":[{"href":"https:\/\/internationalprideawards.org\/es\/wp-json\/wp\/v2\/types\/page"}],"author":[{"embeddable":true,"href":"https:\/\/internationalprideawards.org\/es\/wp-json\/wp\/v2\/users\/1"}],"replies":[{"embeddable":true,"href":"https:\/\/internationalprideawards.org\/es\/wp-json\/wp\/v2\/comments?post=9708"}],"version-history":[{"count":7,"href":"https:\/\/internationalprideawards.org\/es\/wp-json\/wp\/v2\/pages\/9708\/revisions"}],"predecessor-version":[{"id":9807,"href":"https:\/\/internationalprideawards.org\/es\/wp-json\/wp\/v2\/pages\/9708\/revisions\/9807"}],"wp:featuredmedia":[{"embeddable":true,"href":"https:\/\/internationalprideawards.org\/es\/wp-json\/wp\/v2\/media\/9736"}],"wp:attachment":[{"href":"https:\/\/internationalprideawards.org\/es\/wp-json\/wp\/v2\/media?parent=9708"}],"curies":[{"name":"wp","href":"https:\/\/api.w.org\/{rel}","templated":true}]}}